{"id":2,"date":"2021-05-22T11:08:13","date_gmt":"2021-05-22T11:08:13","guid":{"rendered":"https:\/\/hofmutaun.lndo.site\/?page_id=2"},"modified":"2025-10-02T19:27:06","modified_gmt":"2025-10-02T19:27:06","slug":"sample-page","status":"publish","type":"page","link":"https:\/\/hofmutaun.ch\/","title":{"rendered":"HOF MUTAUN"},"content":{"rendered":"\n<figure class=\"wp-block-image alignfull size-full is-style-default\"><img loading=\"lazy\" width=\"2500\" height=\"1667\" src=\"https:\/\/hofmutaun.ch\/wp-content\/uploads\/2021\/06\/IMG_hofmutaun-ch_Bild01_Ligiazun_DSC_0882_2500px_dplx.jpg\" alt=\"\" class=\"wp-image-82\" srcset=\"https:\/\/hofmutaun.ch\/wp-content\/uploads\/2021\/06\/IMG_hofmutaun-ch_Bild01_Ligiazun_DSC_0882_2500px_dplx.jpg 2500w, https:\/\/hofmutaun.ch\/wp-content\/uploads\/2021\/06\/IMG_hofmutaun-ch_Bild01_Ligiazun_DSC_0882_2500px_dplx-300x200.jpg 300w, https:\/\/hofmutaun.ch\/wp-content\/uploads\/2021\/06\/IMG_hofmutaun-ch_Bild01_Ligiazun_DSC_0882_2500px_dplx-1024x683.jpg 1024w, https:\/\/hofmutaun.ch\/wp-content\/uploads\/2021\/06\/IMG_hofmutaun-ch_Bild01_Ligiazun_DSC_0882_2500px_dplx-768x512.jpg 768w, https:\/\/hofmutaun.ch\/wp-content\/uploads\/2021\/06\/IMG_hofmutaun-ch_Bild01_Ligiazun_DSC_0882_2500px_dplx-1536x1024.jpg 1536w, https:\/\/hofmutaun.ch\/wp-content\/uploads\/2021\/06\/IMG_hofmutaun-ch_Bild01_Ligiazun_DSC_0882_2500px_dplx-2048x1366.jpg 2048w\" sizes=\"(max-width: 2500px) 100vw, 2500px\" \/><\/figure>\n\n\n\n<p><\/p>\n\n\n\n<h2 id=\"home\">HOF MUTAUN<\/h2>\n\n\n\n<div class=\"wp-block-columns\">\n<div class=\"wp-block-column\" style=\"flex-basis:100%\">\n<p class=\"has-primary-color has-text-color\">Seit 2017 bewirtschaften wir als P\u00e4chter den Hof Mutaun. Er liegt im Schatten des unscheinbaren Piz Mutaun, am Wanderweg zur Greina Hochebene. Schritt f\u00fcr Schritt stellen wir den langj\u00e4hrigen Mutterkuhbetrieb um auf Milchziegen. Hier auf knapp 1600 m.\u00fc.M. sind die Wiesen steil und die Vegetationszeit kurz. Deshalb halten wir kleine Wiederk\u00e4uer: sie schonen mit ihren leichtf\u00fcssigen Klauen den Boden und verwerten den Ertrag der sch\u00f6nen Bergwiesen zu Milch und Fleisch. Eine biologische und nachhaltige Landwirtschaftsform ist f\u00fcr uns selbstverst\u00e4ndlich. Es gibt hier viel frische Luft, aber auch Motorenl\u00e4rm vom Traktor, blaue Flecken und Muskelkater, Kleinkinder die Unfug treiben, frische Milch im Kafi und Glockengebimmel. Es ist ein Kommen und ein Gehen, ein Geben und ein Nehmen, ein Auf und ein Ab hier am Berg. Mal Schneesturm, mal Sommerhitze, mal ein frischgeborenes Gitzi im Arm, mal mit den gr\u00f6sseren zum Metzger. So leben wir und empfinden es als ein Privileg, so nah dran zu sein am Leben. <\/p>\n\n\n<div class=\"wp_swiper_slider_wrapper\" style=\"position: relative; overflow: hidden; \"><div class=\"wp_swiper_nav_prev\" style=\"left: 0; height: 24px; width: 24px; position: absolute; z-index: 99;top: calc(50% - 12px); \"><\/div><div class=\"swiper-wrapper\">\n\t\t\t\t\t<img class='swiper-slide' src='https:\/\/hofmutaun.ch\/wp-content\/uploads\/2021\/06\/201229_hofmutaun_Karussell_Hof21-scaled.jpg' \/>\n\t\t\t\t\t<img class='swiper-slide' src='https:\/\/hofmutaun.ch\/wp-content\/uploads\/2021\/06\/201229_hofmutaun_Karussell_Hof22-scaled.jpg' \/>\n\t\t\t\t\t<img class='swiper-slide' src='https:\/\/hofmutaun.ch\/wp-content\/uploads\/2021\/06\/201229_hofmutaun_Karussell_Hof23-scaled.jpg' \/>\n\t\t\t\t\t<img class='swiper-slide' src='https:\/\/hofmutaun.ch\/wp-content\/uploads\/2021\/06\/201229_hofmutaun_Karussell_Hof24-scaled.jpg' \/>\n\t\t\t\t\t<img class='swiper-slide' src='https:\/\/hofmutaun.ch\/wp-content\/uploads\/2021\/06\/201229_hofmutaun_Karussell_Hof25-scaled.jpg' \/>\n\t\t\t\t\t<img class='swiper-slide' src='https:\/\/hofmutaun.ch\/wp-content\/uploads\/2021\/06\/201229_hofmutaun_Karussell_Hof26-scaled.jpg' \/><\/div><div class=\"wp_swiper_nav_next\" style=\"right: 0; height: 24px; width: 24px; position: absolute; z-index: 99;top: calc(50% - 12px); \"><\/div><\/div><script>\n\t\t\t\tjQuery(document).ready(function($){\n\t\t\t\t\tvar wp_swiper = new Swiper(\".wp_swiper_slider_wrapper\", {\n\t\t\t\t\t\tautoplay: 5000,speed: 1000,prevButton: \".wp_swiper_nav_prev\",nextButton: \".wp_swiper_nav_next\",\n\t\t\t\t\t});\n\t\t\t\t});\n\t\t\t<\/script>\n\n\n\n<p><\/p>\n<\/div>\n<\/div>\n\n\n\n<p><\/p>\n\n\n\n<h2 id=\"tiere\">TIERE<\/h2>\n\n\n\n<p class=\"has-primary-color has-text-color\">Unsere Tiere geben uns ihr Fleisch, ihre Milch, ihr Fell, ihre Jungen&#8230;wir geben Ihnen unser Herzblut, die letzte Schweissperle, das beste Futter und allen Respekt den wir haben. Das Bergklima macht sie robust und gen\u00fcgsam. Sie fressen winters nur betriebseigenes Bergheu- und Emd und beweiden sommers saftige Alpweiden. Die Ziegen m\u00f6gen wir besonders weil sie ein handliches Format und einen unhandlichen Charakter haben, und weil ihre Milch so sch\u00f6n ins Kesseli spritzt. Unsere Spiegelschafe sind ideale Landschaftspfleger und halten die beiden H\u00fctehunde auf Trab. Unsere kleine Herde Rh\u00e4tisches Grauvieh mussten wir leider ziehen lassen, wir haben uns entschieden, den Ziegen soviel Platz wie m\u00f6glich zu bieten. Der wertvolle Mist der Tiere wird dem Boden zur\u00fcckgeben, damit schliesst sich der Kreislauf\u2026 <\/p>\n\n\n\n<div style=\"height:50px\" aria-hidden=\"true\" class=\"wp-block-spacer\"><\/div>\n\n\n\n<figure class=\"wp-block-image alignfull size-large\"><img loading=\"lazy\" width=\"1024\" height=\"683\" src=\"https:\/\/hofmutaun.ch\/wp-content\/uploads\/2021\/08\/IMG_hofmutaun-ch_Bild02b_Grizzly_1030316_2500px_dplx-1024x683.jpg\" alt=\"\" class=\"wp-image-221\" srcset=\"https:\/\/hofmutaun.ch\/wp-content\/uploads\/2021\/08\/IMG_hofmutaun-ch_Bild02b_Grizzly_1030316_2500px_dplx-1024x683.jpg 1024w, https:\/\/hofmutaun.ch\/wp-content\/uploads\/2021\/08\/IMG_hofmutaun-ch_Bild02b_Grizzly_1030316_2500px_dplx-300x200.jpg 300w, https:\/\/hofmutaun.ch\/wp-content\/uploads\/2021\/08\/IMG_hofmutaun-ch_Bild02b_Grizzly_1030316_2500px_dplx-768x512.jpg 768w, https:\/\/hofmutaun.ch\/wp-content\/uploads\/2021\/08\/IMG_hofmutaun-ch_Bild02b_Grizzly_1030316_2500px_dplx-1536x1024.jpg 1536w, https:\/\/hofmutaun.ch\/wp-content\/uploads\/2021\/08\/IMG_hofmutaun-ch_Bild02b_Grizzly_1030316_2500px_dplx-2048x1366.jpg 2048w\" sizes=\"(max-width: 1024px) 100vw, 1024px\" \/><\/figure>\n\n\n\n<p><a href=\"https:\/\/hofmutaun.ch\/wp-admin\/edit.php?post_type=page\"><\/a><\/p>\n\n\n\n<p><a href=\"https:\/\/hofmutaun.ch\/wp-admin\/edit.php?post_type=page\"><\/a><\/p>\n\n\n\n<p><\/p>\n\n\n\n<h2 id=\"produkte\">PRODUKTE<\/h2>\n\n\n\n<p class=\"has-primary-color has-text-color\">Unsere Produkte sollen gl\u00fccklich, satt und zufrieden machen. Und wir freuen uns \u00fcber jedes St\u00fcck Fleisch und jeden Schn\u00e4tz K\u00e4se, der mit Wertsch\u00e4tzung genossen wird. Hunderte Handgriffe stecken in jeder Portion Fleisch und in jedem K\u00e4selaib. Wir vermarkten s\u00e4mtliche Produkte direkt und sch\u00e4tzen Kontakte und Freundschaften zu unseren Kunden.<\/p>\n\n\n\n<div class=\"wp-block-columns\">\n<div class=\"wp-block-column\" style=\"flex-basis:100%\"><div class=\"wp_swiper_slider_wrapper\" style=\"position: relative; overflow: hidden; \"><div class=\"wp_swiper_nav_prev\" style=\"left: 0; height: 24px; width: 24px; position: absolute; z-index: 99;top: calc(50% - 12px); \"><\/div><div class=\"swiper-wrapper\">\n\t\t\t\t\t<img class='swiper-slide' src='https:\/\/hofmutaun.ch\/wp-content\/uploads\/2021\/06\/201229_hofmutaun_Karussell_Produkte23-scaled.jpg' \/>\n\t\t\t\t\t<img class='swiper-slide' src='https:\/\/hofmutaun.ch\/wp-content\/uploads\/2021\/06\/201229_hofmutaun_Karussell_Produkte24-scaled.jpg' \/>\n\t\t\t\t\t<img class='swiper-slide' src='https:\/\/hofmutaun.ch\/wp-content\/uploads\/2021\/06\/201229_hofmutaun_Karussell_Produkte22-scaled.jpg' \/>\n\t\t\t\t\t<img class='swiper-slide' src='https:\/\/hofmutaun.ch\/wp-content\/uploads\/2021\/06\/201229_hofmutaun_Karussell_Produkte21-scaled.jpg' \/>\n\t\t\t\t\t<img class='swiper-slide' src='https:\/\/hofmutaun.ch\/wp-content\/uploads\/2021\/06\/201229_hofmutaun_Karussell_Produkte25-scaled.jpg' \/><\/div><div class=\"wp_swiper_nav_next\" style=\"right: 0; height: 24px; width: 24px; position: absolute; z-index: 99;top: calc(50% - 12px); \"><\/div><\/div><script>\n\t\t\t\tjQuery(document).ready(function($){\n\t\t\t\t\tvar wp_swiper = new Swiper(\".wp_swiper_slider_wrapper\", {\n\t\t\t\t\t\tprevButton: \".wp_swiper_nav_prev\",nextButton: \".wp_swiper_nav_next\",\n\t\t\t\t\t});\n\t\t\t\t});\n\t\t\t<\/script>\n<\/div>\n<\/div>\n\n\n\n<p><\/p>\n\n\n\n<h2>SAISONALES ANGEBOT<\/h2>\n\n\n\n<h4>Winter \u2013 Fr\u00fchling<\/h4>\n\n\n\n<ul><li>Frischfleisch Mischpakete ganze oder halbe Berggitzi\/Lamm<\/li><li>Trockenfleisch &amp; Salsiz: bergluftgetrocknet in der Dorfmetzgerei Vrin<\/li><li>Nose to Tail: Zunge, B\u00e4ggli, Herz, Schwanz, Leber, Nierli, Markbein<\/li><li>Ricotta &amp; Formaggini: Handarbeit aus Geissmilch (auf Bestellung)<\/li><\/ul>\n\n\n\n<h4>Sommer \u2013 Herbst<\/h4>\n\n\n\n<ul><li>Felle, Leder, Schafwolle<\/li><li>Alpk\u00e4se Ziegenalp Parvalsauns, Vrin<\/li><li>Schafwollduvet-N\u00e4hkurse, Ziegenmilchseife, Lederhandarbeiten und andere glorreiche Ideen<\/li><\/ul>\n\n\n\n<p class=\"has-primary-color has-text-color\">Sehr gerne geben wir Dir per email Auskunft, wann die n\u00e4chsten Lieferungen stattfinden und welche Produkte erh\u00e4ltlich sind. Kontakt via email <a href=\"mailto:mail@hofmutaun.ch\" data-type=\"mailto\" target=\"_blank\" rel=\"noreferrer noopener\">mail@hofmutaun.ch<\/a> oder per Handschlag zu Besuch bei uns in Vrin.<\/p>\n\n\n\n<h3><a href=\"https:\/\/hofmutaun.ch\/index.php\/aktuelles-angebot\/\" data-type=\"URL\">*** ZUM AKTUELLEN ANGEBOT: Herbst 2025 ***<\/a><\/h3>\n\n\n\n<div style=\"height:50px\" aria-hidden=\"true\" class=\"wp-block-spacer\"><\/div>\n\n\n\n<div class=\"wp-block-cover alignfull has-secondary-background-color has-background-dim\"><div class=\"wp-block-cover__inner-container\">\n<h2 class=\"has-primary-color has-text-color\" id=\"about\">\u00dcBER UNS<\/h2>\n\n\n\n<p class=\"has-primary-color has-text-color\">Nik ist weitgereister Handwerker, \u00c4lpler und der Macher auf dem Hof. Anna ist \u00abgschtudierte\u00bb Ziegenhirtin und Tier\u00e4rztin, als Schnittstelle zwischen Haus, Hof und Rest der Welt jongliert sie dem Nik die B\u00e4lle zu. Unsere beiden Kinder Iva und Pedro verwechseln oft Mist mit Schoggi. Gemeinsam in der Landwirtschaft arbeiten zu k\u00f6nnen, zu sehen woher etwas kommt, was daraus entsteht und schlussendlich auch wohin es geht, gibt uns ganz viel Sinn und macht Freude zum weitergeben.<\/p>\n<\/div><\/div>\n\n\n\n<figure class=\"wp-block-image alignfull size-full\"><img loading=\"lazy\" width=\"2500\" height=\"1667\" src=\"https:\/\/hofmutaun.ch\/wp-content\/uploads\/2021\/06\/IMG_hofmutaun-ch_Bild03_Ueberuns_DSC_1184_2500px_dplx.jpg\" alt=\"\" class=\"wp-image-81\" srcset=\"https:\/\/hofmutaun.ch\/wp-content\/uploads\/2021\/06\/IMG_hofmutaun-ch_Bild03_Ueberuns_DSC_1184_2500px_dplx.jpg 2500w, https:\/\/hofmutaun.ch\/wp-content\/uploads\/2021\/06\/IMG_hofmutaun-ch_Bild03_Ueberuns_DSC_1184_2500px_dplx-300x200.jpg 300w, https:\/\/hofmutaun.ch\/wp-content\/uploads\/2021\/06\/IMG_hofmutaun-ch_Bild03_Ueberuns_DSC_1184_2500px_dplx-1024x683.jpg 1024w, https:\/\/hofmutaun.ch\/wp-content\/uploads\/2021\/06\/IMG_hofmutaun-ch_Bild03_Ueberuns_DSC_1184_2500px_dplx-768x512.jpg 768w, https:\/\/hofmutaun.ch\/wp-content\/uploads\/2021\/06\/IMG_hofmutaun-ch_Bild03_Ueberuns_DSC_1184_2500px_dplx-1536x1024.jpg 1536w, https:\/\/hofmutaun.ch\/wp-content\/uploads\/2021\/06\/IMG_hofmutaun-ch_Bild03_Ueberuns_DSC_1184_2500px_dplx-2048x1366.jpg 2048w\" sizes=\"(max-width: 2500px) 100vw, 2500px\" \/><\/figure>\n","protected":false},"excerpt":{"rendered":"<p>HOF MUTAUN Seit 2017 bewirtschaften wir als P\u00e4chter den Hof Mutaun. Er liegt im Schatten des unscheinbaren Piz Mutaun, am Wanderweg zur Greina Hochebene. Schritt f\u00fcr Schritt stellen wir den langj\u00e4hrigen Mutterkuhbetrieb um auf Milchziegen. Hier auf knapp 1600 m.\u00fc.M. sind die Wiesen steil und die Vegetationszeit kurz. Deshalb halten wir kleine Wiederk\u00e4uer: sie schonen [&hellip;]<\/p>\n","protected":false},"author":2,"featured_media":0,"parent":0,"menu_order":0,"comment_status":"closed","ping_status":"open","template":"","meta":[],"_links":{"self":[{"href":"https:\/\/hofmutaun.ch\/index.php\/wp-json\/wp\/v2\/pages\/2"}],"collection":[{"href":"https:\/\/hofmutaun.ch\/index.php\/wp-json\/wp\/v2\/pages"}],"about":[{"href":"https:\/\/hofmutaun.ch\/index.php\/wp-json\/wp\/v2\/types\/page"}],"author":[{"embeddable":true,"href":"https:\/\/hofmutaun.ch\/index.php\/wp-json\/wp\/v2\/users\/2"}],"replies":[{"embeddable":true,"href":"https:\/\/hofmutaun.ch\/index.php\/wp-json\/wp\/v2\/comments?post=2"}],"version-history":[{"count":112,"href":"https:\/\/hofmutaun.ch\/index.php\/wp-json\/wp\/v2\/pages\/2\/revisions"}],"predecessor-version":[{"id":331,"href":"https:\/\/hofmutaun.ch\/index.php\/wp-json\/wp\/v2\/pages\/2\/revisions\/331"}],"wp:attachment":[{"href":"https:\/\/hofmutaun.ch\/index.php\/wp-json\/wp\/v2\/media?parent=2"}],"curies":[{"name":"wp","href":"https:\/\/api.w.org\/{rel}","templated":true}]}}