{"id":3,"date":"2021-05-22T11:08:13","date_gmt":"2021-05-22T11:08:13","guid":{"rendered":"https:\/\/hofmutaun.lndo.site\/?page_id=3"},"modified":"2021-08-16T07:35:45","modified_gmt":"2021-08-16T07:35:45","slug":"privacy-policy","status":"publish","type":"page","link":"https:\/\/hofmutaun.ch\/index.php\/privacy-policy\/","title":{"rendered":"ALLGEMEINE GESCH\u00c4FTSBEDINGUNGEN (AGB)"},"content":{"rendered":"\n<p>Die folgenden Allgemeinen Gesch\u00e4ftsbedingungen (nachfolgend AGB genannt) regeln die Rechtsbeziehung zwischen Kunde und Nik Heule\/Anna St\u00e4uble, Hof Mutaun, in Vrin GR, nachfolgend als hofmutaun. ch bezeichnet. Die AGB gelten als Vertrag zwischen Kunde und hofmutaun.ch. Durch eine abgeschlossene Bestellung oder Reservation akzeptiert der Kunde die AGB und somit ist der Vertrag zwischen den beiden Parteien rechtsg\u00fcltig. Vom Vertrag abweichende Regelungen werden nur anerkannt, wenn diese durch hofmutaun.ch schriftlich best\u00e4tigt sind. Online abgeschlossene Bestellungen und Reservationen sind f\u00fcr den Kunden verbindlich und werden in jedem Fall verrechnet. Dann folgende Grunds\u00e4tzliche Punkte:<\/p>\n\n\n\n<ul><li>Preise: sind in CHF angegeben, nicht inbegriffen sind allf\u00e4llige Kosten f\u00fcr Porto und Verpackung.<\/li><li>Zahlung: erfolgt bevorzugt per Vorauskasse, oder nach Vereinbarung.<\/li><li>Versand: Es wird per Schweizerischer Post versandt, das Risiko f\u00fcr allf\u00e4lligen Verlust tr\u00e4gt der Kunde. Pers\u00f6nliche Lieferungen werden individuell mit dem betreffenden Kunden vereinbart.<\/li><li>Storno oder \u00c4nderung der Bestellung: sind nur vor dem Versand oder der Auslieferung m\u00f6glich und m\u00fcssen per Mail oder Telefonkontakt get\u00e4tigt werden.<\/li><\/ul>\n","protected":false},"excerpt":{"rendered":"<p>Die folgenden Allgemeinen Gesch\u00e4ftsbedingungen (nachfolgend AGB genannt) regeln die Rechtsbeziehung zwischen Kunde und Nik Heule\/Anna St\u00e4uble, Hof Mutaun, in Vrin GR, nachfolgend als hofmutaun. ch bezeichnet. Die AGB gelten als Vertrag zwischen Kunde und hofmutaun.ch. Durch eine abgeschlossene Bestellung oder Reservation akzeptiert der Kunde die AGB und somit ist der Vertrag zwischen den beiden Parteien [&hellip;]<\/p>\n","protected":false},"author":1,"featured_media":0,"parent":0,"menu_order":0,"comment_status":"closed","ping_status":"open","template":"","meta":[],"_links":{"self":[{"href":"https:\/\/hofmutaun.ch\/index.php\/wp-json\/wp\/v2\/pages\/3"}],"collection":[{"href":"https:\/\/hofmutaun.ch\/index.php\/wp-json\/wp\/v2\/pages"}],"about":[{"href":"https:\/\/hofmutaun.ch\/index.php\/wp-json\/wp\/v2\/types\/page"}],"author":[{"embeddable":true,"href":"https:\/\/hofmutaun.ch\/index.php\/wp-json\/wp\/v2\/users\/1"}],"replies":[{"embeddable":true,"href":"https:\/\/hofmutaun.ch\/index.php\/wp-json\/wp\/v2\/comments?post=3"}],"version-history":[{"count":2,"href":"https:\/\/hofmutaun.ch\/index.php\/wp-json\/wp\/v2\/pages\/3\/revisions"}],"predecessor-version":[{"id":224,"href":"https:\/\/hofmutaun.ch\/index.php\/wp-json\/wp\/v2\/pages\/3\/revisions\/224"}],"wp:attachment":[{"href":"https:\/\/hofmutaun.ch\/index.php\/wp-json\/wp\/v2\/media?parent=3"}],"curies":[{"name":"wp","href":"https:\/\/api.w.org\/{rel}","templated":true}]}}